{"id":81,"date":"2024-03-06T19:31:46","date_gmt":"2024-03-06T18:31:46","guid":{"rendered":"https:\/\/minoseditions.fr\/?page_id=81"},"modified":"2024-10-05T11:36:19","modified_gmt":"2024-10-05T09:36:19","slug":"bleu-or","status":"publish","type":"page","link":"https:\/\/minoseditions.fr\/?page_id=81","title":{"rendered":"Bleu Or"},"content":{"rendered":"\n<p><strong>Romance de genre<br>par Philippe Boisseleau<\/strong><br>226 pages &#8211; ISBN : 978-2-487627-01-7<\/p>\n\n\n\n<blockquote class=\"wp-block-quote is-layout-flow wp-block-quote-is-layout-flow\">\n<p>L\u2019Ecole des Beaux-arts de Beld\u00f4me jouit d\u2019une r\u00e9putation mondiale. Ses \u00e9l\u00e8ves sont convoit\u00e9s tr\u00e8s t\u00f4t par les agents et galeristes. Parmi eux, Barny, riche m\u00e9c\u00e8ne, ambitionne par tous les moyens de faire monter les ench\u00e8res autour des \u0153uvres de ses jeunes prodiges. Lulu, Iris, Sacha et Clo\u00e9 vivent \u00e0 plein leur passion de l\u2019art mais dans une vision oppos\u00e9e. De Beld\u00f4me \u00e0 New-York, leur apprentissage et leurs qu\u00eates amoureuses vont les confronter \u00e0 l\u2019affairisme de Barny.<\/p>\n<\/blockquote>\n\n\n\n<h4 class=\"wp-block-heading\"><strong>Les chapitres :<\/strong><\/h4>\n\n\n\n<h3 class=\"wp-block-heading\"><strong>1 &#8211; Beld\u00f4me, bleu<\/strong><\/h3>\n\n\n\n<p>Dans une ambiance festive et sensuelle, l&#8217;ann\u00e9e se termine pour Iris, Lulu, Sacha \u00e0 la prestigieuse \u00e9cole des beaux-arts de Beld\u00f4me. Cette ann\u00e9e encore, Barny, magna de l&#8217;art, est le promoteur de &#8220;bleu or&#8221;, gigantesque \u00e9v\u00e9nement d\u2019art contemporain dont il se sert pour peser sur le march\u00e9. Barry mise sur le jeune prodige Berto, et sur Clo\u00e9, \u00e9tudiante belle et \u00e9nigmatique, avec qui elle forme un duo sexy&#8230; Mais elle est l&#8217;ex petite amie de Sacha. Pour la retrouver, celui-ci se lance dans une lutte contre Barny.<\/p>\n\n\n\n<h3 class=\"wp-block-heading\"><strong>2 &#8211; New York, or<\/strong><\/h3>\n\n\n\n<p>A New York, Barny dirige les activit\u00e9s du couple dont le glamour fait chavirer de transe la m\u00e9galopole. Sacha a \u00e9chafaud\u00e9 un projet ambitieux pour extraire Clo\u00e9 de l\u2019emprise dangereuse et se lancer dans le business. Lulu et Iris l\u2019accompagnent \u00e0 New York. L&#8217;exp\u00e9rience est hallucinante, la confrontation \u00e9poustouflante. Arm\u00e9s de leur cr\u00e9ativit\u00e9, ils cr\u00e9ent une \u0153uvre magistrale, hymne \u00e0 l&#8217;amour irradiant tout Manhattan&#8230;<\/p>\n\n\n\n<h3 class=\"wp-block-heading\"><strong>3 &#8211; Art, brut<\/strong><\/h3>\n\n\n\n<p>La puissance de Barny reste tr\u00e8s sup\u00e9rieure et la position de Clo\u00e9 au centre du jeu a un prix. \u00c9gar\u00e9e dans les faux-semblants, pi\u00e9g\u00e9e par la drogue, marionnette marchandis\u00e9e, Clo\u00e9 s&#8217;obstine \u00e0 refuser la main tendue.<\/p>\n\n\n\n<h3 class=\"wp-block-heading\"><strong>4 &#8211; \u00c9pilogue, chute ?<\/strong><\/h3>\n\n\n\n<p>Clo\u00e9 a \u00e9t\u00e9 entra\u00een\u00e9e loin dans ses d\u00e9viances&#8230; Sacha a tout endur\u00e9 dans sa tentative de reconqu\u00eate. Dans le m\u00eame temps il a fait ses preuves, acquis une notori\u00e9t\u00e9 mondiale dans le milieu de l&#8217;art contemporain, gagn\u00e9 \u00e9norm\u00e9ment d&#8217;argent. Suffisamment pour tout acheter ?<\/p>\n\n\n\n<p><\/p>\n\n\n\n<figure class=\"wp-block-image size-large\"><img fetchpriority=\"high\" decoding=\"async\" width=\"722\" height=\"1024\" src=\"http:\/\/minoseditions.fr\/wp-content\/uploads\/2024\/07\/Couverture-Bleu-or-Auriane-D-v5-FINALE-communication_Couverture-1-722x1024.png\" alt=\"\" class=\"wp-image-354\" srcset=\"https:\/\/minoseditions.fr\/wp-content\/uploads\/2024\/07\/Couverture-Bleu-or-Auriane-D-v5-FINALE-communication_Couverture-1-722x1024.png 722w, https:\/\/minoseditions.fr\/wp-content\/uploads\/2024\/07\/Couverture-Bleu-or-Auriane-D-v5-FINALE-communication_Couverture-1-211x300.png 211w, https:\/\/minoseditions.fr\/wp-content\/uploads\/2024\/07\/Couverture-Bleu-or-Auriane-D-v5-FINALE-communication_Couverture-1-768x1089.png 768w, https:\/\/minoseditions.fr\/wp-content\/uploads\/2024\/07\/Couverture-Bleu-or-Auriane-D-v5-FINALE-communication_Couverture-1-1083x1536.png 1083w, https:\/\/minoseditions.fr\/wp-content\/uploads\/2024\/07\/Couverture-Bleu-or-Auriane-D-v5-FINALE-communication_Couverture-1-1444x2048.png 1444w, https:\/\/minoseditions.fr\/wp-content\/uploads\/2024\/07\/Couverture-Bleu-or-Auriane-D-v5-FINALE-communication_Couverture-1-1200x1702.png 1200w, https:\/\/minoseditions.fr\/wp-content\/uploads\/2024\/07\/Couverture-Bleu-or-Auriane-D-v5-FINALE-communication_Couverture-1.png 1749w\" sizes=\"(max-width: 722px) 100vw, 722px\" \/><figcaption class=\"wp-element-caption\">Cr\u00e9ation Auriane Durand 2024.<\/figcaption><\/figure>\n\n\n\n<hr class=\"wp-block-separator has-alpha-channel-opacity\"\/>\n","protected":false},"excerpt":{"rendered":"<p>Romance de genrepar Philippe Boisseleau226 pages &#8211; ISBN : 978-2-487627-01-7 L\u2019Ecole des Beaux-arts de Beld\u00f4me jouit d\u2019une r\u00e9putation mondiale. Ses \u00e9l\u00e8ves sont convoit\u00e9s tr\u00e8s t\u00f4t par les agents et galeristes. Parmi eux, Barny, riche m\u00e9c\u00e8ne, ambitionne par tous les moyens de faire monter les ench\u00e8res autour des \u0153uvres de ses jeunes prodiges. Lulu, Iris, Sacha [&hellip;]<\/p>\n","protected":false},"author":1,"featured_media":357,"parent":0,"menu_order":0,"comment_status":"closed","ping_status":"closed","template":"","meta":{"footnotes":""},"class_list":["post-81","page","type-page","status-publish","has-post-thumbnail","hentry"],"_links":{"self":[{"href":"https:\/\/minoseditions.fr\/index.php?rest_route=\/wp\/v2\/pages\/81","targetHints":{"allow":["GET"]}}],"collection":[{"href":"https:\/\/minoseditions.fr\/index.php?rest_route=\/wp\/v2\/pages"}],"about":[{"href":"https:\/\/minoseditions.fr\/index.php?rest_route=\/wp\/v2\/types\/page"}],"author":[{"embeddable":true,"href":"https:\/\/minoseditions.fr\/index.php?rest_route=\/wp\/v2\/users\/1"}],"replies":[{"embeddable":true,"href":"https:\/\/minoseditions.fr\/index.php?rest_route=%2Fwp%2Fv2%2Fcomments&post=81"}],"version-history":[{"count":13,"href":"https:\/\/minoseditions.fr\/index.php?rest_route=\/wp\/v2\/pages\/81\/revisions"}],"predecessor-version":[{"id":464,"href":"https:\/\/minoseditions.fr\/index.php?rest_route=\/wp\/v2\/pages\/81\/revisions\/464"}],"wp:featuredmedia":[{"embeddable":true,"href":"https:\/\/minoseditions.fr\/index.php?rest_route=\/wp\/v2\/media\/357"}],"wp:attachment":[{"href":"https:\/\/minoseditions.fr\/index.php?rest_route=%2Fwp%2Fv2%2Fmedia&parent=81"}],"curies":[{"name":"wp","href":"https:\/\/api.w.org\/{rel}","templated":true}]}}