{"id":42,"date":"2024-03-03T19:31:09","date_gmt":"2024-03-03T18:31:09","guid":{"rendered":"https:\/\/minoseditions.fr\/?page_id=42"},"modified":"2024-10-05T11:32:18","modified_gmt":"2024-10-05T09:32:18","slug":"gerard-beneteau","status":"publish","type":"page","link":"https:\/\/minoseditions.fr\/?page_id=42","title":{"rendered":"Jay"},"content":{"rendered":"\n<p>Je me suis retrouv\u00e9 dans votre monde par certains effets de l\u2019Histoire. Le probl\u00e8me est que je ne peux retourner d\u2019o\u00f9 je viens, malgr\u00e9 les nombreux essais effectu\u00e9s depuis vos ann\u00e9es 1820. Heureusement mon \u00ab&nbsp;Autre&nbsp;\u00bb parvient de temps en temps \u00e0 se refusionner avec moi, ce qui fait que j\u2019apparais \u00e0 peu pr\u00e8s \u00ab&nbsp;normal&nbsp;\u00bb \u00e0 vos yeux ; sinon je pourrais \u00eatre qualifi\u00e9(e) de \u00ab&nbsp;monstre&nbsp;\u00bb, non pas par mon aspect, mais bien par mon \u00ab&nbsp;genre&nbsp;\u00bb. Surtout ne parlez pas trop de mon identit\u00e9, mon ami Philippe s\u2019en charge, avec prudence. Je change de genre et de nom en fonction de mes \u00e9critures, histoire de brouiller les cartes. Inutile de me balancer aux R.G., ils ne vous croiront pas. Bien \u00e0 vous toutes.<\/p>\n\n\n\n<p><\/p>\n\n\n\n<p><strong>Parus en octobre 2024 : <\/strong><br><a href=\"https:\/\/minoseditions.fr\/?p=215\">Les Yeux Bleus &#8211; Gen\u00e8se : Vacances en Perse et Secrets d&#8217;Orient<\/a>, romance fantastique par Jay, 140 p.<\/p>\n\n\n\n<p><strong>\u00c0 para\u00eetre en 2025 :<\/strong><\/p>\n\n\n\n<p>S\u00e9rie Les Yeux Bleus \u2013 romance fantastique :<\/p>\n\n\n\n<p>&#8211; tome 1 : La Faute<\/p>\n\n\n\n<p>&#8211; tome 2 : R\u00e9demption<\/p>\n\n\n\n<p>&#8211; tome 3 : Les Petites 1<\/p>\n\n\n\n<p>&#8211; tome 4 : Les Petites 2<\/p>\n\n\n\n<p>&#8211; tome 5 : Les Hommes aux yeux bleus<\/p>\n\n\n\n<p>&#8211; tome 6 : Les Ombres de M\u00e9duse<\/p>\n\n\n\n<p>&#8211; tome 7 : Pers\u00e9e<\/p>\n\n\n\n<p><strong>En projet :<\/strong><\/p>\n\n\n\n<p>S\u00e9rie Les Yeux Bleus \u2013 romance fantastique :<\/p>\n\n\n\n<p>&#8211; tome 8 : Le Jardin d\u2019Eden<\/p>\n\n\n\n<p>&#8211; tome 9 : Shambleau<\/p>\n\n\n\n<p><strong>\u00c0 l\u2019\u00e9tude<\/strong> :<\/p>\n\n\n\n<p>L&#8217;Ombre des Invisibles \u2013 \u00e9crits romanc\u00e9s<\/p>\n\n\n\n<hr class=\"wp-block-separator has-alpha-channel-opacity\"\/>\n\n\n\n<ol start=\"1820\" class=\"wp-block-list\"><\/ol>\n","protected":false},"excerpt":{"rendered":"<p>Je me suis retrouv\u00e9 dans votre monde par certains effets de l\u2019Histoire. Le probl\u00e8me est que je ne peux retourner d\u2019o\u00f9 je viens, malgr\u00e9 les nombreux essais effectu\u00e9s depuis vos ann\u00e9es 1820. Heureusement mon \u00ab&nbsp;Autre&nbsp;\u00bb parvient de temps en temps \u00e0 se refusionner avec moi, ce qui fait que j\u2019apparais \u00e0 peu pr\u00e8s \u00ab&nbsp;normal&nbsp;\u00bb \u00e0 [&hellip;]<\/p>\n","protected":false},"author":1,"featured_media":0,"parent":0,"menu_order":0,"comment_status":"closed","ping_status":"closed","template":"","meta":{"footnotes":""},"class_list":["post-42","page","type-page","status-publish","hentry"],"_links":{"self":[{"href":"https:\/\/minoseditions.fr\/index.php?rest_route=\/wp\/v2\/pages\/42","targetHints":{"allow":["GET"]}}],"collection":[{"href":"https:\/\/minoseditions.fr\/index.php?rest_route=\/wp\/v2\/pages"}],"about":[{"href":"https:\/\/minoseditions.fr\/index.php?rest_route=\/wp\/v2\/types\/page"}],"author":[{"embeddable":true,"href":"https:\/\/minoseditions.fr\/index.php?rest_route=\/wp\/v2\/users\/1"}],"replies":[{"embeddable":true,"href":"https:\/\/minoseditions.fr\/index.php?rest_route=%2Fwp%2Fv2%2Fcomments&post=42"}],"version-history":[{"count":6,"href":"https:\/\/minoseditions.fr\/index.php?rest_route=\/wp\/v2\/pages\/42\/revisions"}],"predecessor-version":[{"id":460,"href":"https:\/\/minoseditions.fr\/index.php?rest_route=\/wp\/v2\/pages\/42\/revisions\/460"}],"wp:attachment":[{"href":"https:\/\/minoseditions.fr\/index.php?rest_route=%2Fwp%2Fv2%2Fmedia&parent=42"}],"curies":[{"name":"wp","href":"https:\/\/api.w.org\/{rel}","templated":true}]}}