{"id":347,"date":"2024-07-12T11:05:24","date_gmt":"2024-07-12T09:05:24","guid":{"rendered":"https:\/\/minoseditions.fr\/?page_id=347"},"modified":"2024-10-05T11:29:49","modified_gmt":"2024-10-05T09:29:49","slug":"philippe-boisseleau","status":"publish","type":"page","link":"https:\/\/minoseditions.fr\/?page_id=347","title":{"rendered":"Zerfus"},"content":{"rendered":"\n<div style=\"height:100px\" aria-hidden=\"true\" class=\"wp-block-spacer\"><\/div>\n\n\n\n<p>Zerfus est le pseudo sous lequel Philippe Boisseleau a sign\u00e9 la premi\u00e8re parution de Bleu Or en 2015 (en auto\u00e9dition chez Librinova). En 2024 Minos \u00c9ditions publie la r\u00e9\u00e9dition de <em><a href=\"https:\/\/minoseditions.fr\/?page_id=81\"><strong>Bleu Or<\/strong><\/a><\/em>, romance de genre, ainsi que son deuxi\u00e8me roman, <em><a href=\"https:\/\/minoseditions.fr\/?page_id=86\"><strong>Augmente-moi<\/strong><\/a><\/em>, roman d&#8217;anticipation.<\/p>\n\n\n\n<div style=\"height:67px\" aria-hidden=\"true\" class=\"wp-block-spacer\"><\/div>\n\n\n\n<figure class=\"wp-block-image size-full\"><a href=\"https:\/\/minoseditions.fr\/?page_id=81\"><img fetchpriority=\"high\" decoding=\"async\" width=\"1749\" height=\"2481\" src=\"http:\/\/minoseditions.fr\/wp-content\/uploads\/2024\/07\/Couverture-Bleu-or-Auriane-D-v5-FINALE-communication_Couverture-1.png\" alt=\"\" class=\"wp-image-354\" srcset=\"https:\/\/minoseditions.fr\/wp-content\/uploads\/2024\/07\/Couverture-Bleu-or-Auriane-D-v5-FINALE-communication_Couverture-1.png 1749w, https:\/\/minoseditions.fr\/wp-content\/uploads\/2024\/07\/Couverture-Bleu-or-Auriane-D-v5-FINALE-communication_Couverture-1-211x300.png 211w, https:\/\/minoseditions.fr\/wp-content\/uploads\/2024\/07\/Couverture-Bleu-or-Auriane-D-v5-FINALE-communication_Couverture-1-722x1024.png 722w, https:\/\/minoseditions.fr\/wp-content\/uploads\/2024\/07\/Couverture-Bleu-or-Auriane-D-v5-FINALE-communication_Couverture-1-768x1089.png 768w, https:\/\/minoseditions.fr\/wp-content\/uploads\/2024\/07\/Couverture-Bleu-or-Auriane-D-v5-FINALE-communication_Couverture-1-1083x1536.png 1083w, https:\/\/minoseditions.fr\/wp-content\/uploads\/2024\/07\/Couverture-Bleu-or-Auriane-D-v5-FINALE-communication_Couverture-1-1444x2048.png 1444w, https:\/\/minoseditions.fr\/wp-content\/uploads\/2024\/07\/Couverture-Bleu-or-Auriane-D-v5-FINALE-communication_Couverture-1-1200x1702.png 1200w\" sizes=\"(max-width: 1749px) 100vw, 1749px\" \/><\/a><\/figure>\n\n\n\n<figure class=\"wp-block-image size-large\"><a href=\"https:\/\/minoseditions.fr\/?page_id=86\"><img decoding=\"async\" width=\"722\" height=\"1024\" src=\"http:\/\/minoseditions.fr\/wp-content\/uploads\/2024\/06\/Couverture-Augmente-moi-Auriane-D-Communication_Couverture-722x1024.png\" alt=\"\" class=\"wp-image-292\" srcset=\"https:\/\/minoseditions.fr\/wp-content\/uploads\/2024\/06\/Couverture-Augmente-moi-Auriane-D-Communication_Couverture-722x1024.png 722w, https:\/\/minoseditions.fr\/wp-content\/uploads\/2024\/06\/Couverture-Augmente-moi-Auriane-D-Communication_Couverture-211x300.png 211w, https:\/\/minoseditions.fr\/wp-content\/uploads\/2024\/06\/Couverture-Augmente-moi-Auriane-D-Communication_Couverture-768x1089.png 768w, https:\/\/minoseditions.fr\/wp-content\/uploads\/2024\/06\/Couverture-Augmente-moi-Auriane-D-Communication_Couverture-1083x1536.png 1083w, https:\/\/minoseditions.fr\/wp-content\/uploads\/2024\/06\/Couverture-Augmente-moi-Auriane-D-Communication_Couverture-1444x2048.png 1444w, https:\/\/minoseditions.fr\/wp-content\/uploads\/2024\/06\/Couverture-Augmente-moi-Auriane-D-Communication_Couverture-1200x1702.png 1200w, https:\/\/minoseditions.fr\/wp-content\/uploads\/2024\/06\/Couverture-Augmente-moi-Auriane-D-Communication_Couverture.png 1749w\" sizes=\"(max-width: 722px) 100vw, 722px\" \/><\/a><\/figure>\n\n\n\n<hr class=\"wp-block-separator has-alpha-channel-opacity\"\/>\n","protected":false},"excerpt":{"rendered":"<p>Zerfus est le pseudo sous lequel Philippe Boisseleau a sign\u00e9 la premi\u00e8re parution de Bleu Or en 2015 (en auto\u00e9dition chez Librinova). En 2024 Minos \u00c9ditions publie la r\u00e9\u00e9dition de Bleu Or, romance de genre, ainsi que son deuxi\u00e8me roman, Augmente-moi, roman d&#8217;anticipation.<\/p>\n","protected":false},"author":1,"featured_media":0,"parent":0,"menu_order":0,"comment_status":"closed","ping_status":"closed","template":"","meta":{"footnotes":""},"class_list":["post-347","page","type-page","status-publish","hentry"],"_links":{"self":[{"href":"https:\/\/minoseditions.fr\/index.php?rest_route=\/wp\/v2\/pages\/347","targetHints":{"allow":["GET"]}}],"collection":[{"href":"https:\/\/minoseditions.fr\/index.php?rest_route=\/wp\/v2\/pages"}],"about":[{"href":"https:\/\/minoseditions.fr\/index.php?rest_route=\/wp\/v2\/types\/page"}],"author":[{"embeddable":true,"href":"https:\/\/minoseditions.fr\/index.php?rest_route=\/wp\/v2\/users\/1"}],"replies":[{"embeddable":true,"href":"https:\/\/minoseditions.fr\/index.php?rest_route=%2Fwp%2Fv2%2Fcomments&post=347"}],"version-history":[{"count":9,"href":"https:\/\/minoseditions.fr\/index.php?rest_route=\/wp\/v2\/pages\/347\/revisions"}],"predecessor-version":[{"id":458,"href":"https:\/\/minoseditions.fr\/index.php?rest_route=\/wp\/v2\/pages\/347\/revisions\/458"}],"wp:attachment":[{"href":"https:\/\/minoseditions.fr\/index.php?rest_route=%2Fwp%2Fv2%2Fmedia&parent=347"}],"curies":[{"name":"wp","href":"https:\/\/api.w.org\/{rel}","templated":true}]}}